{"id":1733,"date":"2014-09-19T15:04:07","date_gmt":"2014-09-19T14:04:07","guid":{"rendered":"https:\/\/ebenisteriebmd.ca\/accueil\/"},"modified":"2024-11-27T13:14:08","modified_gmt":"2024-11-27T18:14:08","slug":"home","status":"publish","type":"page","link":"https:\/\/ebenisteriebmd.ca\/en\/home\/","title":{"rendered":"HOME"},"content":{"rendered":"<p>&nbsp;<\/p>\n<div class=\"hpborder\">\n<h1>Nord-du-Qu\u00e9bec experts<\/h1>\n<h3>Kitchen | Bathroom | Built-in furniture<\/h3>\n<p>&nbsp;<\/p>\n<p style=\"text-align: left;\">For nearly forty years, family-run \u00c9b\u00e9nisterie BMD, founded by brothers Marcel and Denis Devin, has been serving individuals and businesses in Chibougamau and the Eeyou Istchee Baie-James region. \u00c9b\u00e9nisterie BMD has developed expertise in all aspects of woodworking, kitchen and bathroom design, renovation and finishing.<\/p>\n<p style=\"text-align: left;\">&#8220;\u00c9b\u00e9nisterie BMD customers hire us not only for the quality of our work, but also for the family spirit of our dynamic company team and excellent after-sales service!\u201d<\/p>\n<p>&nbsp;<\/p>\n\n\t\t<style type=\"text\/css\">\n\t\t\t#gallery-1 {\n\t\t\t\tmargin: auto;\n\t\t\t}\n\t\t\t#gallery-1 .gallery-item {\n\t\t\t\tfloat: left;\n\t\t\t\tmargin-top: 10px;\n\t\t\t\ttext-align: center;\n\t\t\t\twidth: 25%;\n\t\t\t}\n\t\t\t#gallery-1 img {\n\t\t\t\tborder: 2px solid #cfcfcf;\n\t\t\t}\n\t\t\t#gallery-1 .gallery-caption {\n\t\t\t\tmargin-left: 0;\n\t\t\t}\n\t\t\t\/* see gallery_shortcode() in wp-includes\/media.php *\/\n\t\t<\/style>\n\t\t<div id='gallery-1' class='gallery galleryid-1733 gallery-columns-4 gallery-size-large'><dl class='gallery-item'>\n\t\t\t<dt class='gallery-icon landscape'>\n\t\t\t\t<img loading=\"lazy\" decoding=\"async\" width=\"800\" height=\"800\" src=\"https:\/\/ebenisteriebmd.ca\/wp-content\/uploads\/2021\/01\/HP0001.png\" class=\"attachment-large size-large\" alt=\"\" srcset=\"https:\/\/ebenisteriebmd.ca\/wp-content\/uploads\/2021\/01\/HP0001.png 800w, https:\/\/ebenisteriebmd.ca\/wp-content\/uploads\/2021\/01\/HP0001-300x300.png 300w, https:\/\/ebenisteriebmd.ca\/wp-content\/uploads\/2021\/01\/HP0001-150x150.png 150w, https:\/\/ebenisteriebmd.ca\/wp-content\/uploads\/2021\/01\/HP0001-768x768.png 768w\" sizes=\"(max-width: 800px) 100vw, 800px\" \/>\n\t\t\t<\/dt><\/dl><dl class='gallery-item'>\n\t\t\t<dt class='gallery-icon landscape'>\n\t\t\t\t<img loading=\"lazy\" decoding=\"async\" width=\"800\" height=\"800\" src=\"https:\/\/ebenisteriebmd.ca\/wp-content\/uploads\/2021\/01\/HP0002.png\" class=\"attachment-large size-large\" alt=\"\" srcset=\"https:\/\/ebenisteriebmd.ca\/wp-content\/uploads\/2021\/01\/HP0002.png 800w, https:\/\/ebenisteriebmd.ca\/wp-content\/uploads\/2021\/01\/HP0002-300x300.png 300w, https:\/\/ebenisteriebmd.ca\/wp-content\/uploads\/2021\/01\/HP0002-150x150.png 150w, https:\/\/ebenisteriebmd.ca\/wp-content\/uploads\/2021\/01\/HP0002-768x768.png 768w\" sizes=\"(max-width: 800px) 100vw, 800px\" \/>\n\t\t\t<\/dt><\/dl><dl class='gallery-item'>\n\t\t\t<dt class='gallery-icon landscape'>\n\t\t\t\t<img loading=\"lazy\" decoding=\"async\" width=\"800\" height=\"800\" src=\"https:\/\/ebenisteriebmd.ca\/wp-content\/uploads\/2021\/01\/HP0003.png\" class=\"attachment-large size-large\" alt=\"\" srcset=\"https:\/\/ebenisteriebmd.ca\/wp-content\/uploads\/2021\/01\/HP0003.png 800w, https:\/\/ebenisteriebmd.ca\/wp-content\/uploads\/2021\/01\/HP0003-300x300.png 300w, https:\/\/ebenisteriebmd.ca\/wp-content\/uploads\/2021\/01\/HP0003-150x150.png 150w, https:\/\/ebenisteriebmd.ca\/wp-content\/uploads\/2021\/01\/HP0003-768x768.png 768w\" sizes=\"(max-width: 800px) 100vw, 800px\" \/>\n\t\t\t<\/dt><\/dl><dl class='gallery-item'>\n\t\t\t<dt class='gallery-icon landscape'>\n\t\t\t\t<img loading=\"lazy\" decoding=\"async\" width=\"800\" height=\"800\" src=\"https:\/\/ebenisteriebmd.ca\/wp-content\/uploads\/2021\/01\/HP0004.png\" class=\"attachment-large size-large\" alt=\"\" srcset=\"https:\/\/ebenisteriebmd.ca\/wp-content\/uploads\/2021\/01\/HP0004.png 800w, https:\/\/ebenisteriebmd.ca\/wp-content\/uploads\/2021\/01\/HP0004-300x300.png 300w, https:\/\/ebenisteriebmd.ca\/wp-content\/uploads\/2021\/01\/HP0004-150x150.png 150w, https:\/\/ebenisteriebmd.ca\/wp-content\/uploads\/2021\/01\/HP0004-768x768.png 768w\" sizes=\"(max-width: 800px) 100vw, 800px\" \/>\n\t\t\t<\/dt><\/dl><br style=\"clear: both\" \/>\n\t\t<\/div>\n\n<p><span style=\"color: #222; font-family: 'Libre Franklin', sans-serif; font-size: 40px; line-height: 50px;\">We work with you to create the custom kitchen of your dreams.<\/span><\/p>\n<p><img loading=\"lazy\" decoding=\"async\" class=\"alignnone size-medium wp-image-1270\" src=\"https:\/\/ebenisteriebmd.ca\/wp-content\/uploads\/2021\/01\/divider-gold-300x29.png\" alt=\"\" width=\"300\" height=\"29\" srcset=\"https:\/\/ebenisteriebmd.ca\/wp-content\/uploads\/2021\/01\/divider-gold-300x29.png 300w, https:\/\/ebenisteriebmd.ca\/wp-content\/uploads\/2021\/01\/divider-gold-1024x99.png 1024w, https:\/\/ebenisteriebmd.ca\/wp-content\/uploads\/2021\/01\/divider-gold-768x74.png 768w, https:\/\/ebenisteriebmd.ca\/wp-content\/uploads\/2021\/01\/divider-gold.png 1404w\" sizes=\"(max-width: 300px) 100vw, 300px\" \/><\/p>\n<a href=\"https:\/\/ebenisteriebmd.ca\/en\/contact-us\" class=\"themedy-shortcode themedy-shortcode-button themedy-shortcode-button-colour-light-gray themedy-shortcode-button-size-large themedy-shortcode-button-edge-straight\" target=\"_self\">Contact us now<\/a>\n<p><img loading=\"lazy\" decoding=\"async\" src=\"https:\/\/ebenisteriebmd.ca\/wp-content\/uploads\/2024\/11\/Screen-Shot-2024-11-27-at-1.12.08-PM.png\" alt=\"\" width=\"1522\" height=\"724\" class=\"aligncenter size-full wp-image-1837\" srcset=\"https:\/\/ebenisteriebmd.ca\/wp-content\/uploads\/2024\/11\/Screen-Shot-2024-11-27-at-1.12.08-PM.png 1522w, https:\/\/ebenisteriebmd.ca\/wp-content\/uploads\/2024\/11\/Screen-Shot-2024-11-27-at-1.12.08-PM-300x143.png 300w, https:\/\/ebenisteriebmd.ca\/wp-content\/uploads\/2024\/11\/Screen-Shot-2024-11-27-at-1.12.08-PM-1024x487.png 1024w, https:\/\/ebenisteriebmd.ca\/wp-content\/uploads\/2024\/11\/Screen-Shot-2024-11-27-at-1.12.08-PM-768x365.png 768w\" sizes=\"(max-width: 1522px) 100vw, 1522px\" \/><\/p>\n<\/div>\n","protected":false},"excerpt":{"rendered":"<p>&nbsp; Nord-du-Qu\u00e9bec experts Kitchen | Bathroom | Built-in furniture &nbsp; For nearly forty years, family-run \u00c9b\u00e9nisterie BMD, founded by brothers Marcel and Denis Devin, has been serving individuals and businesses in Chibougamau and the Eeyou Istchee Baie-James region. \u00c9b\u00e9nisterie BMD has developed expertise in all aspects of woodworking, kitchen and bathroom design, renovation and finishing. [&hellip;]<\/p>\n","protected":false},"author":1,"featured_media":1752,"parent":0,"menu_order":0,"comment_status":"closed","ping_status":"closed","template":"","meta":{"footnotes":""},"yoast_head":"<!-- This site is optimized with the Yoast SEO plugin v24.5 - https:\/\/yoast.com\/wordpress\/plugins\/seo\/ -->\n<title>\u00c9b\u00e9nisterie BMD | Furnishings | Renovation | Kitchens and bathrooms<\/title>\n<meta name=\"description\" content=\"\u00c9b\u00e9nisterie BMD has developed expertise in everything to do with wood, including solid wood and furniture, as well as the renovation and finishing of kitchens and bathrooms.\" \/>\n<meta name=\"robots\" content=\"index, follow, max-snippet:-1, max-image-preview:large, max-video-preview:-1\" \/>\n<link rel=\"canonical\" href=\"https:\/\/ebenisteriebmd.ca\/en\/home\/\" \/>\n<meta property=\"og:locale\" content=\"en_US\" \/>\n<meta property=\"og:type\" content=\"article\" \/>\n<meta property=\"og:title\" content=\"\u00c9b\u00e9nisterie BMD | Furnishings | Renovation | Kitchens and bathrooms\" \/>\n<meta property=\"og:description\" content=\"\u00c9b\u00e9nisterie BMD has developed expertise in everything to do with wood, including solid wood and furniture, as well as the renovation and finishing of kitchens and bathrooms.\" \/>\n<meta property=\"og:url\" content=\"https:\/\/ebenisteriebmd.ca\/en\/home\/\" \/>\n<meta property=\"og:site_name\" content=\"\u00c9b\u00e9nisterie BMD Inc.\" \/>\n<meta property=\"article:modified_time\" content=\"2024-11-27T18:14:08+00:00\" \/>\n<meta property=\"og:image\" content=\"https:\/\/ebenisteriebmd.ca\/wp-content\/uploads\/2014\/10\/slide001-1-1024x574.png\" \/>\n\t<meta property=\"og:image:width\" content=\"1024\" \/>\n\t<meta property=\"og:image:height\" content=\"574\" \/>\n\t<meta property=\"og:image:type\" content=\"image\/png\" \/>\n<meta name=\"twitter:label1\" content=\"Est. reading time\" \/>\n\t<meta name=\"twitter:data1\" content=\"2 minutes\" \/>\n<script type=\"application\/ld+json\" class=\"yoast-schema-graph\">{\"@context\":\"https:\/\/schema.org\",\"@graph\":[{\"@type\":\"WebPage\",\"@id\":\"https:\/\/ebenisteriebmd.ca\/en\/home\/\",\"url\":\"https:\/\/ebenisteriebmd.ca\/en\/home\/\",\"name\":\"\u00c9b\u00e9nisterie BMD | Furnishings | Renovation | Kitchens and bathrooms\",\"isPartOf\":{\"@id\":\"http:\/\/www.ebenisteriebmd.ca\/#website\"},\"primaryImageOfPage\":{\"@id\":\"https:\/\/ebenisteriebmd.ca\/en\/home\/#primaryimage\"},\"image\":{\"@id\":\"https:\/\/ebenisteriebmd.ca\/en\/home\/#primaryimage\"},\"thumbnailUrl\":\"https:\/\/ebenisteriebmd.ca\/wp-content\/uploads\/2014\/10\/slide001-1.png\",\"datePublished\":\"2014-09-19T14:04:07+00:00\",\"dateModified\":\"2024-11-27T18:14:08+00:00\",\"description\":\"\u00c9b\u00e9nisterie BMD has developed expertise in everything to do with wood, including solid wood and furniture, as well as the renovation and finishing of kitchens and bathrooms.\",\"breadcrumb\":{\"@id\":\"https:\/\/ebenisteriebmd.ca\/en\/home\/#breadcrumb\"},\"inLanguage\":\"en-US\",\"potentialAction\":[{\"@type\":\"ReadAction\",\"target\":[\"https:\/\/ebenisteriebmd.ca\/en\/home\/\"]}]},{\"@type\":\"ImageObject\",\"inLanguage\":\"en-US\",\"@id\":\"https:\/\/ebenisteriebmd.ca\/en\/home\/#primaryimage\",\"url\":\"https:\/\/ebenisteriebmd.ca\/wp-content\/uploads\/2014\/10\/slide001-1.png\",\"contentUrl\":\"https:\/\/ebenisteriebmd.ca\/wp-content\/uploads\/2014\/10\/slide001-1.png\",\"width\":2500,\"height\":1402},{\"@type\":\"BreadcrumbList\",\"@id\":\"https:\/\/ebenisteriebmd.ca\/en\/home\/#breadcrumb\",\"itemListElement\":[{\"@type\":\"ListItem\",\"position\":1,\"name\":\"Home\",\"item\":\"http:\/\/www.ebenisteriebmd.ca\/\"},{\"@type\":\"ListItem\",\"position\":2,\"name\":\"HOME\"}]},{\"@type\":\"WebSite\",\"@id\":\"http:\/\/www.ebenisteriebmd.ca\/#website\",\"url\":\"http:\/\/www.ebenisteriebmd.ca\/\",\"name\":\"\u00c9b\u00e9nisterie BMD Inc.\",\"description\":\"\",\"potentialAction\":[{\"@type\":\"SearchAction\",\"target\":{\"@type\":\"EntryPoint\",\"urlTemplate\":\"http:\/\/www.ebenisteriebmd.ca\/?s={search_term_string}\"},\"query-input\":{\"@type\":\"PropertyValueSpecification\",\"valueRequired\":true,\"valueName\":\"search_term_string\"}}],\"inLanguage\":\"en-US\"}]}<\/script>\n<!-- \/ Yoast SEO plugin. -->","yoast_head_json":{"title":"\u00c9b\u00e9nisterie BMD | Furnishings | Renovation | Kitchens and bathrooms","description":"\u00c9b\u00e9nisterie BMD has developed expertise in everything to do with wood, including solid wood and furniture, as well as the renovation and finishing of kitchens and bathrooms.","robots":{"index":"index","follow":"follow","max-snippet":"max-snippet:-1","max-image-preview":"max-image-preview:large","max-video-preview":"max-video-preview:-1"},"canonical":"https:\/\/ebenisteriebmd.ca\/en\/home\/","og_locale":"en_US","og_type":"article","og_title":"\u00c9b\u00e9nisterie BMD | Furnishings | Renovation | Kitchens and bathrooms","og_description":"\u00c9b\u00e9nisterie BMD has developed expertise in everything to do with wood, including solid wood and furniture, as well as the renovation and finishing of kitchens and bathrooms.","og_url":"https:\/\/ebenisteriebmd.ca\/en\/home\/","og_site_name":"\u00c9b\u00e9nisterie BMD Inc.","article_modified_time":"2024-11-27T18:14:08+00:00","og_image":[{"width":1024,"height":574,"url":"https:\/\/ebenisteriebmd.ca\/wp-content\/uploads\/2014\/10\/slide001-1-1024x574.png","type":"image\/png"}],"twitter_misc":{"Est. reading time":"2 minutes"},"schema":{"@context":"https:\/\/schema.org","@graph":[{"@type":"WebPage","@id":"https:\/\/ebenisteriebmd.ca\/en\/home\/","url":"https:\/\/ebenisteriebmd.ca\/en\/home\/","name":"\u00c9b\u00e9nisterie BMD | Furnishings | Renovation | Kitchens and bathrooms","isPartOf":{"@id":"http:\/\/www.ebenisteriebmd.ca\/#website"},"primaryImageOfPage":{"@id":"https:\/\/ebenisteriebmd.ca\/en\/home\/#primaryimage"},"image":{"@id":"https:\/\/ebenisteriebmd.ca\/en\/home\/#primaryimage"},"thumbnailUrl":"https:\/\/ebenisteriebmd.ca\/wp-content\/uploads\/2014\/10\/slide001-1.png","datePublished":"2014-09-19T14:04:07+00:00","dateModified":"2024-11-27T18:14:08+00:00","description":"\u00c9b\u00e9nisterie BMD has developed expertise in everything to do with wood, including solid wood and furniture, as well as the renovation and finishing of kitchens and bathrooms.","breadcrumb":{"@id":"https:\/\/ebenisteriebmd.ca\/en\/home\/#breadcrumb"},"inLanguage":"en-US","potentialAction":[{"@type":"ReadAction","target":["https:\/\/ebenisteriebmd.ca\/en\/home\/"]}]},{"@type":"ImageObject","inLanguage":"en-US","@id":"https:\/\/ebenisteriebmd.ca\/en\/home\/#primaryimage","url":"https:\/\/ebenisteriebmd.ca\/wp-content\/uploads\/2014\/10\/slide001-1.png","contentUrl":"https:\/\/ebenisteriebmd.ca\/wp-content\/uploads\/2014\/10\/slide001-1.png","width":2500,"height":1402},{"@type":"BreadcrumbList","@id":"https:\/\/ebenisteriebmd.ca\/en\/home\/#breadcrumb","itemListElement":[{"@type":"ListItem","position":1,"name":"Home","item":"http:\/\/www.ebenisteriebmd.ca\/"},{"@type":"ListItem","position":2,"name":"HOME"}]},{"@type":"WebSite","@id":"http:\/\/www.ebenisteriebmd.ca\/#website","url":"http:\/\/www.ebenisteriebmd.ca\/","name":"\u00c9b\u00e9nisterie BMD Inc.","description":"","potentialAction":[{"@type":"SearchAction","target":{"@type":"EntryPoint","urlTemplate":"http:\/\/www.ebenisteriebmd.ca\/?s={search_term_string}"},"query-input":{"@type":"PropertyValueSpecification","valueRequired":true,"valueName":"search_term_string"}}],"inLanguage":"en-US"}]}},"_links":{"self":[{"href":"https:\/\/ebenisteriebmd.ca\/en\/wp-json\/wp\/v2\/pages\/1733"}],"collection":[{"href":"https:\/\/ebenisteriebmd.ca\/en\/wp-json\/wp\/v2\/pages"}],"about":[{"href":"https:\/\/ebenisteriebmd.ca\/en\/wp-json\/wp\/v2\/types\/page"}],"author":[{"embeddable":true,"href":"https:\/\/ebenisteriebmd.ca\/en\/wp-json\/wp\/v2\/users\/1"}],"replies":[{"embeddable":true,"href":"https:\/\/ebenisteriebmd.ca\/en\/wp-json\/wp\/v2\/comments?post=1733"}],"version-history":[{"count":4,"href":"https:\/\/ebenisteriebmd.ca\/en\/wp-json\/wp\/v2\/pages\/1733\/revisions"}],"predecessor-version":[{"id":1839,"href":"https:\/\/ebenisteriebmd.ca\/en\/wp-json\/wp\/v2\/pages\/1733\/revisions\/1839"}],"wp:featuredmedia":[{"embeddable":true,"href":"https:\/\/ebenisteriebmd.ca\/en\/wp-json\/wp\/v2\/media\/1752"}],"wp:attachment":[{"href":"https:\/\/ebenisteriebmd.ca\/en\/wp-json\/wp\/v2\/media?parent=1733"}],"curies":[{"name":"wp","href":"https:\/\/api.w.org\/{rel}","templated":true}]}}