{"id":1761,"date":"2014-10-27T04:27:13","date_gmt":"2014-10-27T03:27:13","guid":{"rendered":"https:\/\/ebenisteriebmd.ca\/a-propos\/"},"modified":"2024-11-22T10:26:41","modified_gmt":"2024-11-22T15:26:41","slug":"about-us","status":"publish","type":"page","link":"https:\/\/ebenisteriebmd.ca\/en\/about-us\/","title":{"rendered":"ABOUT US"},"content":{"rendered":"<h1>About us<\/h1>\n<p>&nbsp;<\/p>\n<h3 style=\"text-align: left;\">In 1979, \u00c9b\u00e9nisterie BMD adventure began in Chibougamau, in the small house where the two Devin brothers began their cabinetmaking trade.<\/h3>\n<p>&nbsp;<\/p>\n<p style=\"text-align: justify;\">Today, \u00c9b\u00e9nisterie BMD welcomes you to its workshop, located on rue des Forces Arm\u00e9es, and offers you a quality of service recognized throughout the region, thanks to its meticulous, high-precision work.<\/p>\n<p style=\"text-align: justify;\">When you visit our premises, you&#8217;ll be greeted by competent employees committed to your satisfaction. The talent and passion of this fine team enable the company to proudly serve the entire region, as well as James Bay and surrounding territories (Eeyou Istchee Baie-James).<\/p>\n<p style=\"text-align: justify;\">\u00ab\u00a0You come to BMD Woodworking because you know that here, after-sales service is our number-one guarantee. We&#8217;re not just a company that specializes in residential and commercial woodworking. We&#8217;re also advisors and customer service specialists! We come to your home to make sure we understand your needs. You&#8217;ll appreciate our three-dimensional plan service to help you visualize your future project!<\/p>\n<p style=\"text-align: justify;\">Our speciality? Custom kitchens, bathrooms and furniture. Stop by the BMD cabinet shop to visit our showroom and start planning your kitchen or bathroom renovation today!<\/p>\n<p style=\"text-align: justify;\">As you know, the talent of our professional cabinetmakers is also recognized in local businesses. Consult us for the design of your work desks, reception desks and the layout of your staff rooms.<\/p>\n<p>&nbsp;<\/p>\n<h3 style=\"text-align: justify;\">Kitchen, bathroom, walk-in closets, office furniture, bookcases, china cabinets, bedroom desks, tables, TV stands, pull-out beds&#8230; it&#8217;s all possible! \u00bb<\/h3>\n","protected":false},"excerpt":{"rendered":"<p>About us &nbsp; In 1979, \u00c9b\u00e9nisterie BMD adventure began in Chibougamau, in the small house where the two Devin brothers began their cabinetmaking trade. &nbsp; Today, \u00c9b\u00e9nisterie BMD welcomes you to its workshop, located on rue des Forces Arm\u00e9es, and offers you a quality of service recognized throughout the region, thanks to its meticulous, high-precision [&hellip;]<\/p>\n","protected":false},"author":1,"featured_media":1763,"parent":0,"menu_order":0,"comment_status":"closed","ping_status":"closed","template":"","meta":{"footnotes":""},"yoast_head":"<!-- This site is optimized with the Yoast SEO plugin v24.5 - https:\/\/yoast.com\/wordpress\/plugins\/seo\/ -->\n<title>\u00c9b\u00e9nisterie BMD | About us | Furniture | Woodwork | Chibougamau<\/title>\n<meta name=\"description\" content=\"\u00c9b\u00e9nisterie BMD, located in Chibougamau, offers you quality service. Woodwork, office furniture, bookcases, tables, TV stands... Everything is possible!\" \/>\n<meta name=\"robots\" content=\"index, follow, max-snippet:-1, max-image-preview:large, max-video-preview:-1\" \/>\n<link rel=\"canonical\" href=\"https:\/\/ebenisteriebmd.ca\/en\/about-us\/\" \/>\n<meta property=\"og:locale\" content=\"en_US\" \/>\n<meta property=\"og:type\" content=\"article\" \/>\n<meta property=\"og:title\" content=\"\u00c9b\u00e9nisterie BMD | About us | Furniture | Woodwork | Chibougamau\" \/>\n<meta property=\"og:description\" content=\"\u00c9b\u00e9nisterie BMD, located in Chibougamau, offers you quality service. Woodwork, office furniture, bookcases, tables, TV stands... Everything is possible!\" \/>\n<meta property=\"og:url\" content=\"https:\/\/ebenisteriebmd.ca\/en\/about-us\/\" \/>\n<meta property=\"og:site_name\" content=\"\u00c9b\u00e9nisterie BMD Inc.\" \/>\n<meta property=\"article:modified_time\" content=\"2024-11-22T15:26:41+00:00\" \/>\n<meta property=\"og:image\" content=\"https:\/\/ebenisteriebmd.ca\/wp-content\/uploads\/2016\/04\/scie-a-comptoir.jpg\" \/>\n\t<meta property=\"og:image:width\" content=\"1200\" \/>\n\t<meta property=\"og:image:height\" content=\"675\" \/>\n\t<meta property=\"og:image:type\" content=\"image\/jpeg\" \/>\n<meta name=\"twitter:label1\" content=\"Est. reading time\" \/>\n\t<meta name=\"twitter:data1\" content=\"2 minutes\" \/>\n<script type=\"application\/ld+json\" class=\"yoast-schema-graph\">{\"@context\":\"https:\/\/schema.org\",\"@graph\":[{\"@type\":\"WebPage\",\"@id\":\"https:\/\/ebenisteriebmd.ca\/en\/about-us\/\",\"url\":\"https:\/\/ebenisteriebmd.ca\/en\/about-us\/\",\"name\":\"\u00c9b\u00e9nisterie BMD | About us | Furniture | Woodwork | Chibougamau\",\"isPartOf\":{\"@id\":\"http:\/\/www.ebenisteriebmd.ca\/#website\"},\"primaryImageOfPage\":{\"@id\":\"https:\/\/ebenisteriebmd.ca\/en\/about-us\/#primaryimage\"},\"image\":{\"@id\":\"https:\/\/ebenisteriebmd.ca\/en\/about-us\/#primaryimage\"},\"thumbnailUrl\":\"https:\/\/ebenisteriebmd.ca\/wp-content\/uploads\/2016\/04\/scie-a-comptoir.jpg\",\"datePublished\":\"2014-10-27T03:27:13+00:00\",\"dateModified\":\"2024-11-22T15:26:41+00:00\",\"description\":\"\u00c9b\u00e9nisterie BMD, located in Chibougamau, offers you quality service. Woodwork, office furniture, bookcases, tables, TV stands... Everything is possible!\",\"breadcrumb\":{\"@id\":\"https:\/\/ebenisteriebmd.ca\/en\/about-us\/#breadcrumb\"},\"inLanguage\":\"en-US\",\"potentialAction\":[{\"@type\":\"ReadAction\",\"target\":[\"https:\/\/ebenisteriebmd.ca\/en\/about-us\/\"]}]},{\"@type\":\"ImageObject\",\"inLanguage\":\"en-US\",\"@id\":\"https:\/\/ebenisteriebmd.ca\/en\/about-us\/#primaryimage\",\"url\":\"https:\/\/ebenisteriebmd.ca\/wp-content\/uploads\/2016\/04\/scie-a-comptoir.jpg\",\"contentUrl\":\"https:\/\/ebenisteriebmd.ca\/wp-content\/uploads\/2016\/04\/scie-a-comptoir.jpg\",\"width\":1200,\"height\":675},{\"@type\":\"BreadcrumbList\",\"@id\":\"https:\/\/ebenisteriebmd.ca\/en\/about-us\/#breadcrumb\",\"itemListElement\":[{\"@type\":\"ListItem\",\"position\":1,\"name\":\"Home\",\"item\":\"http:\/\/www.ebenisteriebmd.ca\/\"},{\"@type\":\"ListItem\",\"position\":2,\"name\":\"ABOUT US\"}]},{\"@type\":\"WebSite\",\"@id\":\"http:\/\/www.ebenisteriebmd.ca\/#website\",\"url\":\"http:\/\/www.ebenisteriebmd.ca\/\",\"name\":\"\u00c9b\u00e9nisterie BMD Inc.\",\"description\":\"\",\"potentialAction\":[{\"@type\":\"SearchAction\",\"target\":{\"@type\":\"EntryPoint\",\"urlTemplate\":\"http:\/\/www.ebenisteriebmd.ca\/?s={search_term_string}\"},\"query-input\":{\"@type\":\"PropertyValueSpecification\",\"valueRequired\":true,\"valueName\":\"search_term_string\"}}],\"inLanguage\":\"en-US\"}]}<\/script>\n<!-- \/ Yoast SEO plugin. -->","yoast_head_json":{"title":"\u00c9b\u00e9nisterie BMD | About us | Furniture | Woodwork | Chibougamau","description":"\u00c9b\u00e9nisterie BMD, located in Chibougamau, offers you quality service. Woodwork, office furniture, bookcases, tables, TV stands... Everything is possible!","robots":{"index":"index","follow":"follow","max-snippet":"max-snippet:-1","max-image-preview":"max-image-preview:large","max-video-preview":"max-video-preview:-1"},"canonical":"https:\/\/ebenisteriebmd.ca\/en\/about-us\/","og_locale":"en_US","og_type":"article","og_title":"\u00c9b\u00e9nisterie BMD | About us | Furniture | Woodwork | Chibougamau","og_description":"\u00c9b\u00e9nisterie BMD, located in Chibougamau, offers you quality service. Woodwork, office furniture, bookcases, tables, TV stands... Everything is possible!","og_url":"https:\/\/ebenisteriebmd.ca\/en\/about-us\/","og_site_name":"\u00c9b\u00e9nisterie BMD Inc.","article_modified_time":"2024-11-22T15:26:41+00:00","og_image":[{"width":1200,"height":675,"url":"https:\/\/ebenisteriebmd.ca\/wp-content\/uploads\/2016\/04\/scie-a-comptoir.jpg","type":"image\/jpeg"}],"twitter_misc":{"Est. reading time":"2 minutes"},"schema":{"@context":"https:\/\/schema.org","@graph":[{"@type":"WebPage","@id":"https:\/\/ebenisteriebmd.ca\/en\/about-us\/","url":"https:\/\/ebenisteriebmd.ca\/en\/about-us\/","name":"\u00c9b\u00e9nisterie BMD | About us | Furniture | Woodwork | Chibougamau","isPartOf":{"@id":"http:\/\/www.ebenisteriebmd.ca\/#website"},"primaryImageOfPage":{"@id":"https:\/\/ebenisteriebmd.ca\/en\/about-us\/#primaryimage"},"image":{"@id":"https:\/\/ebenisteriebmd.ca\/en\/about-us\/#primaryimage"},"thumbnailUrl":"https:\/\/ebenisteriebmd.ca\/wp-content\/uploads\/2016\/04\/scie-a-comptoir.jpg","datePublished":"2014-10-27T03:27:13+00:00","dateModified":"2024-11-22T15:26:41+00:00","description":"\u00c9b\u00e9nisterie BMD, located in Chibougamau, offers you quality service. Woodwork, office furniture, bookcases, tables, TV stands... Everything is possible!","breadcrumb":{"@id":"https:\/\/ebenisteriebmd.ca\/en\/about-us\/#breadcrumb"},"inLanguage":"en-US","potentialAction":[{"@type":"ReadAction","target":["https:\/\/ebenisteriebmd.ca\/en\/about-us\/"]}]},{"@type":"ImageObject","inLanguage":"en-US","@id":"https:\/\/ebenisteriebmd.ca\/en\/about-us\/#primaryimage","url":"https:\/\/ebenisteriebmd.ca\/wp-content\/uploads\/2016\/04\/scie-a-comptoir.jpg","contentUrl":"https:\/\/ebenisteriebmd.ca\/wp-content\/uploads\/2016\/04\/scie-a-comptoir.jpg","width":1200,"height":675},{"@type":"BreadcrumbList","@id":"https:\/\/ebenisteriebmd.ca\/en\/about-us\/#breadcrumb","itemListElement":[{"@type":"ListItem","position":1,"name":"Home","item":"http:\/\/www.ebenisteriebmd.ca\/"},{"@type":"ListItem","position":2,"name":"ABOUT US"}]},{"@type":"WebSite","@id":"http:\/\/www.ebenisteriebmd.ca\/#website","url":"http:\/\/www.ebenisteriebmd.ca\/","name":"\u00c9b\u00e9nisterie BMD Inc.","description":"","potentialAction":[{"@type":"SearchAction","target":{"@type":"EntryPoint","urlTemplate":"http:\/\/www.ebenisteriebmd.ca\/?s={search_term_string}"},"query-input":{"@type":"PropertyValueSpecification","valueRequired":true,"valueName":"search_term_string"}}],"inLanguage":"en-US"}]}},"_links":{"self":[{"href":"https:\/\/ebenisteriebmd.ca\/en\/wp-json\/wp\/v2\/pages\/1761"}],"collection":[{"href":"https:\/\/ebenisteriebmd.ca\/en\/wp-json\/wp\/v2\/pages"}],"about":[{"href":"https:\/\/ebenisteriebmd.ca\/en\/wp-json\/wp\/v2\/types\/page"}],"author":[{"embeddable":true,"href":"https:\/\/ebenisteriebmd.ca\/en\/wp-json\/wp\/v2\/users\/1"}],"replies":[{"embeddable":true,"href":"https:\/\/ebenisteriebmd.ca\/en\/wp-json\/wp\/v2\/comments?post=1761"}],"version-history":[{"count":3,"href":"https:\/\/ebenisteriebmd.ca\/en\/wp-json\/wp\/v2\/pages\/1761\/revisions"}],"predecessor-version":[{"id":1767,"href":"https:\/\/ebenisteriebmd.ca\/en\/wp-json\/wp\/v2\/pages\/1761\/revisions\/1767"}],"wp:featuredmedia":[{"embeddable":true,"href":"https:\/\/ebenisteriebmd.ca\/en\/wp-json\/wp\/v2\/media\/1763"}],"wp:attachment":[{"href":"https:\/\/ebenisteriebmd.ca\/en\/wp-json\/wp\/v2\/media?parent=1761"}],"curies":[{"name":"wp","href":"https:\/\/api.w.org\/{rel}","templated":true}]}}